{"id":86,"date":"2018-09-19T18:42:37","date_gmt":"2018-09-19T17:42:37","guid":{"rendered":"http:\/\/agroplateforme.com\/?page_id=86"},"modified":"2020-06-22T19:47:49","modified_gmt":"2020-06-22T18:47:49","slug":"mangue-sechee","status":"publish","type":"page","link":"http:\/\/agroplateforme.com\/?page_id=86","title":{"rendered":"Mangue s\u00e8ch\u00e9e"},"content":{"rendered":"<div id=\"attachment_83\" style=\"width: 310px\" class=\"wp-caption aligncenter\"><a href=\"http:\/\/agroplateforme.com\/wp-content\/uploads\/2018\/09\/Mangue-fraiche-d\u00e9coup\u00e9e.jpg\"><img aria-describedby=\"caption-attachment-83\" decoding=\"async\" loading=\"lazy\" class=\"size-medium wp-image-83\" src=\"http:\/\/agroplateforme.com\/wp-content\/uploads\/2018\/09\/Mangue-fraiche-d\u00e9coup\u00e9e-300x168.jpg\" alt=\"Mangue fra\u00eeche d\u00e9coup\u00e9e en tranche\" width=\"300\" height=\"168\" srcset=\"http:\/\/agroplateforme.com\/wp-content\/uploads\/2018\/09\/Mangue-fraiche-d\u00e9coup\u00e9e-300x168.jpg 300w, http:\/\/agroplateforme.com\/wp-content\/uploads\/2018\/09\/Mangue-fraiche-d\u00e9coup\u00e9e-1024x576.jpg 1024w, http:\/\/agroplateforme.com\/wp-content\/uploads\/2018\/09\/Mangue-fraiche-d\u00e9coup\u00e9e-80x45.jpg 80w\" sizes=\"(max-width: 300px) 100vw, 300px\" \/><\/a><p id=\"caption-attachment-83\" class=\"wp-caption-text\">Mangue fra\u00eeche d\u00e9coup\u00e9e en tranche<\/p><\/div>\n<p><a href=\"http:\/\/agroplateforme.com\/wp-content\/uploads\/2018\/09\/S\u00e8chage-des-mangues-sur-claies-e1537378791990.jpg\"><img decoding=\"async\" loading=\"lazy\" class=\"aligncenter size-medium wp-image-85\" src=\"http:\/\/agroplateforme.com\/wp-content\/uploads\/2018\/09\/S\u00e8chage-des-mangues-sur-claies-e1537378791990-168x300.jpg\" alt=\"S\u00e8chage des mangues sur claies\" width=\"168\" height=\"300\" srcset=\"http:\/\/agroplateforme.com\/wp-content\/uploads\/2018\/09\/S\u00e8chage-des-mangues-sur-claies-e1537378791990-168x300.jpg 168w, http:\/\/agroplateforme.com\/wp-content\/uploads\/2018\/09\/S\u00e8chage-des-mangues-sur-claies-e1537378791990-576x1024.jpg 576w\" sizes=\"(max-width: 168px) 100vw, 168px\" \/><\/a><\/p>\n<div id=\"attachment_84\" style=\"width: 178px\" class=\"wp-caption alignright\"><a href=\"http:\/\/agroplateforme.com\/wp-content\/uploads\/2018\/09\/S\u00e8chage-des-mangues-au-four-e1537378742435.jpg\"><img aria-describedby=\"caption-attachment-84\" decoding=\"async\" loading=\"lazy\" class=\"size-medium wp-image-84\" src=\"http:\/\/agroplateforme.com\/wp-content\/uploads\/2018\/09\/S\u00e8chage-des-mangues-au-four-e1537378742435-168x300.jpg\" alt=\"S\u00e9chage des mangues au four sur des chariots munis de claies\" width=\"168\" height=\"300\" srcset=\"http:\/\/agroplateforme.com\/wp-content\/uploads\/2018\/09\/S\u00e8chage-des-mangues-au-four-e1537378742435-168x300.jpg 168w, http:\/\/agroplateforme.com\/wp-content\/uploads\/2018\/09\/S\u00e8chage-des-mangues-au-four-e1537378742435-576x1024.jpg 576w\" sizes=\"(max-width: 168px) 100vw, 168px\" \/><\/a><p id=\"caption-attachment-84\" class=\"wp-caption-text\">S\u00e9chage des mangues au four sur des chariots munis de claies<\/p><\/div>\n\n\n<figure class=\"wp-block-image\"><img decoding=\"async\" loading=\"lazy\" width=\"1024\" height=\"768\" src=\"http:\/\/agroplateforme.com\/wp-content\/uploads\/2020\/06\/20190506_123439-1024x768.jpg\" alt=\"\" class=\"wp-image-121\" srcset=\"http:\/\/agroplateforme.com\/wp-content\/uploads\/2020\/06\/20190506_123439-1024x768.jpg 1024w, http:\/\/agroplateforme.com\/wp-content\/uploads\/2020\/06\/20190506_123439-300x225.jpg 300w, http:\/\/agroplateforme.com\/wp-content\/uploads\/2020\/06\/20190506_123439-768x576.jpg 768w\" sizes=\"(max-width: 1024px) 100vw, 1024px\" \/><figcaption>Madame Diarra veille au bon murissement des mangues<\/figcaption><\/figure>\n\n\n\n<figure class=\"wp-block-image\"><img decoding=\"async\" loading=\"lazy\" width=\"1024\" height=\"768\" src=\"http:\/\/agroplateforme.com\/wp-content\/uploads\/2020\/06\/20190512_151450-1024x768.jpg\" alt=\"\" class=\"wp-image-120\" srcset=\"http:\/\/agroplateforme.com\/wp-content\/uploads\/2020\/06\/20190512_151450-1024x768.jpg 1024w, http:\/\/agroplateforme.com\/wp-content\/uploads\/2020\/06\/20190512_151450-300x225.jpg 300w, http:\/\/agroplateforme.com\/wp-content\/uploads\/2020\/06\/20190512_151450-768x576.jpg 768w\" sizes=\"(max-width: 1024px) 100vw, 1024px\" \/><figcaption>Echantillon de mangue s\u00e9ch\u00e9e vari\u00e9t\u00e9 Am\u00e9lie et Kent<\/figcaption><\/figure>\n","protected":false},"excerpt":{"rendered":"","protected":false},"author":1,"featured_media":0,"parent":0,"menu_order":0,"comment_status":"open","ping_status":"open","template":"","meta":[],"_links":{"self":[{"href":"http:\/\/agroplateforme.com\/index.php?rest_route=\/wp\/v2\/pages\/86"}],"collection":[{"href":"http:\/\/agroplateforme.com\/index.php?rest_route=\/wp\/v2\/pages"}],"about":[{"href":"http:\/\/agroplateforme.com\/index.php?rest_route=\/wp\/v2\/types\/page"}],"author":[{"embeddable":true,"href":"http:\/\/agroplateforme.com\/index.php?rest_route=\/wp\/v2\/users\/1"}],"replies":[{"embeddable":true,"href":"http:\/\/agroplateforme.com\/index.php?rest_route=%2Fwp%2Fv2%2Fcomments&post=86"}],"version-history":[{"count":3,"href":"http:\/\/agroplateforme.com\/index.php?rest_route=\/wp\/v2\/pages\/86\/revisions"}],"predecessor-version":[{"id":129,"href":"http:\/\/agroplateforme.com\/index.php?rest_route=\/wp\/v2\/pages\/86\/revisions\/129"}],"wp:attachment":[{"href":"http:\/\/agroplateforme.com\/index.php?rest_route=%2Fwp%2Fv2%2Fmedia&parent=86"}],"curies":[{"name":"wp","href":"https:\/\/api.w.org\/{rel}","templated":true}]}}